{"id":74,"date":"2018-10-16T14:19:01","date_gmt":"2018-10-16T14:19:01","guid":{"rendered":"https:\/\/pageperso.lis-lab.fr\/~remi.eyraud\/WP\/?page_id=74"},"modified":"2019-11-17T16:35:58","modified_gmt":"2019-11-17T16:35:58","slug":"introduction-a-la-science-des-donnees-m1-info","status":"publish","type":"page","link":"https:\/\/pageperso.lis-lab.fr\/~remi.eyraud\/WP\/?page_id=74","title":{"rendered":"Introduction \u00e0 la Science des Donn\u00e9es &#8211; M1 info"},"content":{"rendered":"<p>Une page pour centraliser les documents du cours.<\/p>\n<p><strong>Cours<\/strong><\/p>\n<ul>\n<li>Chapite 1 &#8211; Cours :<a href=\"https:\/\/pageperso.lis-lab.fr\/~remi.eyraud\/ISD\/ISD-M1_info_Chapitre_1.pdf\"> transparents<\/a><\/li>\n<li>Chapitre 2 &#8211; Cours\u00a0 : <a href=\"https:\/\/pageperso.lis-lab.fr\/~remi.eyraud\/ISD\/ISD-M1_info_Chapitre_2.pdf\">transparents<\/a><\/li>\n<li>Chapitre 3 &#8211; Cours : <a href=\"https:\/\/pageperso.lis-lab.fr\/~remi.eyraud\/ISD\/ISD-M1_info_Chapitre_3-clustering.pdf\">Clustering<\/a> &amp; <a href=\"https:\/\/pageperso.lis-lab.fr\/~remi.eyraud\/ISD\/ISD-M1_info_Chapitre_3-regression.pdf\">R\u00e9gression<\/a><\/li>\n<\/ul>\n<p><strong>TPs<br \/>\n<\/strong><\/p>\n<p>Page avec les corrections des 3 premiers TP <a href=\"https:\/\/pageperso.lis-lab.fr\/~remi.eyraud\/WP\/?page_id=94-42\">ici<\/a>.<\/p>\n<ul>\n<li>TP 1 &#8211; <a href=\"https:\/\/pageperso.lis-lab.fr\/~remi.eyraud\/ISD\/Sujet_M1_ISD_TP_1.pdf\">\u00c9nonc\u00e9<\/a>, <a href=\"https:\/\/pageperso.lis-lab.fr\/~remi.eyraud\/ISD\/TP1-ISD.ipynb\">Notebook<\/a><\/li>\n<li>TP2 &#8211;<a href=\"https:\/\/pageperso.lis-lab.fr\/~remi.eyraud\/ISD\/TP2-ISD-version_2.ipynb\"> Notebook<\/a><\/li>\n<li>TP3 &#8211; <a href=\"https:\/\/pageperso.lis-lab.fr\/~remi.eyraud\/ISD\/TP3-ISD.ipynb\"> Notebook<\/a><\/li>\n<li>TP Not\u00e9 &#8211; <a href=\"https:\/\/pageperso.lis-lab.fr\/~remi.eyraud\/ISD\/ISD_M1-TP_note_1.ipynb\"> Notebook<\/a><!--, <a href=\"https:\/\/pageperso.lis-lab.fr\/~remi.eyraud\/ISD\/Correction-ISD_M1-TP_note_1.ipynb\">Correction<\/a>--><\/li>\n<li>TP4 &#8211; <a href=\"https:\/\/pageperso.lis-lab.fr\/~remi.eyraud\/ISD\/Sujet_M1_ISD_TP_4.pdf\">\u00c9nonc\u00e9,<\/a> <a href=\"https:\/\/pageperso.lis-lab.fr\/~remi.eyraud\/ISD\/eucalyptus.txt\">eucalyptus.txt<\/a><!--, <a href=\"https:\/\/pageperso.lis-lab.fr\/~remi.eyraud\/ISD\/Correction-TP4-ISD.py\">Correction<\/a>--><\/li>\n<li>TP5 &#8211; <a href=\"https:\/\/pageperso.lis-lab.fr\/~remi.eyraud\/ISD\/TP5-ISD.ipynb\">Notebook<\/a>, <a href=\"https:\/\/pageperso.lis-lab.fr\/~remi.eyraud\/ISD\/TP5-ISD-colab.ipynb\">Notebook pour colab<\/a><!--, <a href=\"https:\/\/pageperso.lis-lab.fr\/~remi.eyraud\/ISD\/Correction-TP5-ISD.ipynb\">Correction (tr\u00e8s partielle)<\/a>--><\/li>\n<\/ul>\n","protected":false},"excerpt":{"rendered":"<p>Une page pour centraliser les documents du cours. Cours Chapite 1 &#8211; Cours : transparents Chapitre 2 &#8211; Cours\u00a0 : transparents Chapitre 3 &#8211; Cours : Clustering &amp; R\u00e9gression TPs Page avec les corrections des 3 premiers TP ici. TP 1 &#8211; \u00c9nonc\u00e9, Notebook TP2 &#8211; Notebook TP3 &#8211; Notebook TP Not\u00e9 &#8211; Notebook TP4 &hellip; <a href=\"https:\/\/pageperso.lis-lab.fr\/~remi.eyraud\/WP\/?page_id=74\" class=\"more-link\">Continuer la lecture<span class=\"screen-reader-text\"> de &laquo;&nbsp;Introduction \u00e0 la Science des Donn\u00e9es &#8211; M1 info&nbsp;&raquo;<\/span><\/a><\/p>\n","protected":false},"author":1,"featured_media":0,"parent":0,"menu_order":0,"comment_status":"closed","ping_status":"closed","template":"","meta":[],"_links":{"self":[{"href":"https:\/\/pageperso.lis-lab.fr\/~remi.eyraud\/WP\/index.php?rest_route=\/wp\/v2\/pages\/74"}],"collection":[{"href":"https:\/\/pageperso.lis-lab.fr\/~remi.eyraud\/WP\/index.php?rest_route=\/wp\/v2\/pages"}],"about":[{"href":"https:\/\/pageperso.lis-lab.fr\/~remi.eyraud\/WP\/index.php?rest_route=\/wp\/v2\/types\/page"}],"author":[{"embeddable":true,"href":"https:\/\/pageperso.lis-lab.fr\/~remi.eyraud\/WP\/index.php?rest_route=\/wp\/v2\/users\/1"}],"replies":[{"embeddable":true,"href":"https:\/\/pageperso.lis-lab.fr\/~remi.eyraud\/WP\/index.php?rest_route=%2Fwp%2Fv2%2Fcomments&post=74"}],"version-history":[{"count":22,"href":"https:\/\/pageperso.lis-lab.fr\/~remi.eyraud\/WP\/index.php?rest_route=\/wp\/v2\/pages\/74\/revisions"}],"predecessor-version":[{"id":231,"href":"https:\/\/pageperso.lis-lab.fr\/~remi.eyraud\/WP\/index.php?rest_route=\/wp\/v2\/pages\/74\/revisions\/231"}],"wp:attachment":[{"href":"https:\/\/pageperso.lis-lab.fr\/~remi.eyraud\/WP\/index.php?rest_route=%2Fwp%2Fv2%2Fmedia&parent=74"}],"curies":[{"name":"wp","href":"https:\/\/api.w.org\/{rel}","templated":true}]}}