{"id":28,"date":"2018-08-27T13:21:13","date_gmt":"2018-08-27T13:21:13","guid":{"rendered":"https:\/\/pageperso.lis-lab.fr\/~remi.eyraud\/WP\/?page_id=28"},"modified":"2019-02-27T18:35:37","modified_gmt":"2019-02-27T18:35:37","slug":"teaching","status":"publish","type":"page","link":"https:\/\/pageperso.lis-lab.fr\/~remi.eyraud\/WP\/?page_id=28","title":{"rendered":"Teaching"},"content":{"rendered":"<p>(English version available <a href=\"https:\/\/pageperso.lis-lab.fr\/~remi.eyraud\/WP\/?page_id=30\">here<\/a>.) En 2018-2019, j&rsquo;enseigne :<\/p>\n<h2>Apprentissage Automatique<\/h2>\n<p><b>Troisi\u00e8me ann\u00e9e de Licence Informatique<\/b> et <b>de Licence Math-Info pour les Sciences Sociales<\/b>. Un cours de d\u00e9couverte de l&rsquo;apprentissage automatique : Des id\u00e9es g\u00e9n\u00e9rales \u00e0 la mise en pratique.<\/p>\n<p><a href=\"https:\/\/pageperso.lis-lab.fr\/~remi.eyraud\/WP\/?page_id=145\">Page pour les L3 MIASH<\/a><\/p>\n<p><a href=\"https:\/\/pageperso.lis-lab.fr\/~remi.eyraud\/WP\/?page_id=190\">Page pour les L3 Informatique<\/a><\/p>\n<h2>Science des Donn\u00e9es<\/h2>\n<p><b>Premi\u00e8re ann\u00e9e du Master Traitement du Signal et des Images<\/b>. Ce cours s&rsquo;int\u00e9resse \u00e0 tous les aspects de la science des donn\u00e9es: pr\u00e9paration et visualisation des donn\u00e9es (ACP, prise en main de pandas, etc.), apprentissage automatique et en particulier la prise en main de scikit-learn (regression lin\u00e9aire et logistique, arbres de d\u00e9cision, random forest, SVM, boosting, k-means, hierarchical clustering, etc.), analyse des r\u00e9sultats (m\u00e9triques comme le taux d&rsquo;erreur, le F-score, l&rsquo;aire sous la courbe ROC, etc.; prise en main de matplotlib; etc.)<\/p>\n<p><a href=\"https:\/\/pageperso.lis-lab.fr\/~remi.eyraud\/WP\/?page_id=136\">Page du cours<\/a><\/p>\n<h2>Base de Donn\u00e9es<\/h2>\n<p><b>Deuxi\u00e8me ann\u00e9e de Licence Math Physique Chimie Informatique (MPCI)<\/b>. De l&rsquo;alg\u00e8bre relationnel au SQL, en passant par de la conception (sch\u00e9ma entit\u00e9\/association) et l&rsquo;interfa\u00e7age en python.<\/p>\n<p><a href=\"https:\/\/pageperso.lis-lab.fr\/~remi.eyraud\/WP\/?page_id=129\">Page du Cours<\/a><\/p>\n<h2>Intelligence Artificielle: de l&rsquo;apprentissage machine \u00e0 la science des donn\u00e9es<\/h2>\n<p>Cours d&rsquo;\u00e9cole doctorale. Tout se trouve ici\u00a0<a href=\"https:\/\/pageperso.lis-lab.fr\/~remi.eyraud\/WP\/?page_id=124\">ici<\/a>\u00a0(English only).<\/p>\n<h2>Introduction \u00e0 la Science des Donn\u00e9es<\/h2>\n<p><b>Premi\u00e8re ann\u00e9e du Master Informatique<\/b>. Comment s&rsquo;attaquer \u00e0 des donn\u00e9es ? Comment utiliser un algorithme d&rsquo;apprentissage ? Comment analyser des r\u00e9sultats ? C&rsquo;est \u00e0 ces questions que ce cours tente de r\u00e9pondre. Il y est question de s\u00e9lection d&rsquo;attributs, de r\u00e9gression (lin\u00e9aire et logistique), de classification (supervis\u00e9e ou non), de m\u00e9triques d&rsquo;\u00e9valuation, &#8230;<\/p>\n<p><a href=\"https:\/\/pageperso.lis-lab.fr\/~remi.eyraud\/WP\/?page_id=74-\">Page du cours<\/a><\/p>\n<h2>Classification avanc\u00e9e<\/h2>\n<p><b>Deuxi\u00e8me ann\u00e9e du Master Traitement du Signal et des Images<\/b>. Il y est principalement question de deep learning pour la computer vision.<\/p>\n<p><a href=\"https:\/\/pageperso.lis-lab.fr\/~remi.eyraud\/WP\/?page_id=85\">Page du Cours.<\/a><\/p>\n<p>&nbsp;<\/p>\n","protected":false},"excerpt":{"rendered":"<p>(English version available here.) En 2018-2019, j&rsquo;enseigne : Apprentissage Automatique Troisi\u00e8me ann\u00e9e de Licence Informatique et de Licence Math-Info pour les Sciences Sociales. Un cours de d\u00e9couverte de l&rsquo;apprentissage automatique : Des id\u00e9es g\u00e9n\u00e9rales \u00e0 la mise en pratique. Page pour les L3 MIASH Page pour les L3 Informatique Science des Donn\u00e9es Premi\u00e8re ann\u00e9e du &hellip; <a href=\"https:\/\/pageperso.lis-lab.fr\/~remi.eyraud\/WP\/?page_id=28\" class=\"more-link\">Continuer la lecture<span class=\"screen-reader-text\"> de &laquo;&nbsp;Teaching&nbsp;&raquo;<\/span><\/a><\/p>\n","protected":false},"author":1,"featured_media":0,"parent":0,"menu_order":0,"comment_status":"closed","ping_status":"closed","template":"","meta":[],"_links":{"self":[{"href":"https:\/\/pageperso.lis-lab.fr\/~remi.eyraud\/WP\/index.php?rest_route=\/wp\/v2\/pages\/28"}],"collection":[{"href":"https:\/\/pageperso.lis-lab.fr\/~remi.eyraud\/WP\/index.php?rest_route=\/wp\/v2\/pages"}],"about":[{"href":"https:\/\/pageperso.lis-lab.fr\/~remi.eyraud\/WP\/index.php?rest_route=\/wp\/v2\/types\/page"}],"author":[{"embeddable":true,"href":"https:\/\/pageperso.lis-lab.fr\/~remi.eyraud\/WP\/index.php?rest_route=\/wp\/v2\/users\/1"}],"replies":[{"embeddable":true,"href":"https:\/\/pageperso.lis-lab.fr\/~remi.eyraud\/WP\/index.php?rest_route=%2Fwp%2Fv2%2Fcomments&post=28"}],"version-history":[{"count":16,"href":"https:\/\/pageperso.lis-lab.fr\/~remi.eyraud\/WP\/index.php?rest_route=\/wp\/v2\/pages\/28\/revisions"}],"predecessor-version":[{"id":194,"href":"https:\/\/pageperso.lis-lab.fr\/~remi.eyraud\/WP\/index.php?rest_route=\/wp\/v2\/pages\/28\/revisions\/194"}],"wp:attachment":[{"href":"https:\/\/pageperso.lis-lab.fr\/~remi.eyraud\/WP\/index.php?rest_route=%2Fwp%2Fv2%2Fmedia&parent=28"}],"curies":[{"name":"wp","href":"https:\/\/api.w.org\/{rel}","templated":true}]}}