{"id":190,"date":"2019-02-27T18:28:55","date_gmt":"2019-02-27T18:28:55","guid":{"rendered":"https:\/\/pageperso.lis-lab.fr\/~remi.eyraud\/WP\/?page_id=190"},"modified":"2019-03-28T09:38:08","modified_gmt":"2019-03-28T09:38:08","slug":"apprentissage-automatique","status":"publish","type":"page","link":"https:\/\/pageperso.lis-lab.fr\/~remi.eyraud\/WP\/?page_id=190","title":{"rendered":"Apprentissage Automatique"},"content":{"rendered":"<p>Cette page concerne l&rsquo;option d&rsquo;Apprentissage Automatique en L3 informatique<\/p>\n<p>Les transparents de pr\u00e9sentation sont <a href=\"https:\/\/pageperso.lis-lab.fr\/~remi.eyraud\/AA\/IAA-Introduction.pdf\"> ici<\/a>.<\/p>\n<p>Le notebook du premier TP est<a href=\"https:\/\/pageperso.lis-lab.fr\/~remi.eyraud\/AA\/IAA-TP-decouverte.ipynb\"> ici<\/a> : cliquez droit puis \u00ab\u00a0enregistrer la cible sous\u00a0\u00bb. Ouvrez un terminal, rendez-vous o\u00f9 vous avez enregistrer le fichier, puis &#8211; sur les machines des salles de TP &#8211; tapez:<\/p>\n<pre> \/opt\/anaconda3\/bin\/jupyter-notebook IAA-TP-decouverte.ipynb<\/pre>\n<p>Pour ceux qui voudraient aller plus loin, il y a aussi ce <a href=\"https:\/\/pageperso.lis-lab.fr\/~remi.eyraud\/Sd\/SD-TP1.ipynb\">notebook.<\/a><\/p>\n<p>Les transparents de la derni\u00e8re heure de cours, ceux qui pr\u00e9sentent le projet pour de vrai, sont <a href=\"https:\/\/pageperso.lis-lab.fr\/~remi.eyraud\/AA\/Presentation-projet.pdf\"> ici<\/a>.<\/p>\n<p>Les donn\u00e9es de d\u00e9part sont <a href=\"https:\/\/pageperso.lis-lab.fr\/~remi.eyraud\/AA\/Data.zip\"> ici<\/a>.<\/p>\n<p>Le Jeu de donn\u00e9es avec un bruits gaussien sur les couleur se trouve <a href=\"https:\/\/amubox.univ-amu.fr\/s\/eCkc3JSaHdKbk7f\">ici<\/a> (mot de passe : initiale du pr\u00e9nom des 3 enseignants du cours suivi du num\u00e9ro de la salle de TP du troisi\u00e8me \u00e9tage au fond \u00e0 droite).<\/p>\n<p>Les sp\u00e9cifications concernant votre code final et le format de son rendu se trouvent\u00a0 <a href=\"https:\/\/pageperso.lis-lab.fr\/~remi.eyraud\/AA\/Specifications_rendu_AA.pdf\"> ici<\/a>.<\/p>\n<p>Les transparents des 3 heures de milieu d&rsquo;UE, par C\u00e9cile Capponi, sont\u00a0\u00a0 <a href=\"https:\/\/pageperso.lis-lab.fr\/~remi.eyraud\/AA\/L3InfoIAA-mi_parcours.pdf\"> ici<\/a>.<\/p>\n<h3><strong>Rendus<\/strong><\/h3>\n<p>Le <strong>3 avril \u00e0 8h30<\/strong> au plus tard :<\/p>\n<ul>\n<li>une archive contenant votre code qui suit les sp\u00e9cifications d&rsquo;au-dessus<\/li>\n<li>Un rapport de 4 pages au max<\/li>\n<\/ul>\n<p>Le <strong>4 avril \u00e0 8h30<\/strong> au plus tard :<\/p>\n<ul>\n<li>Transparents pour pr\u00e9sentation au format pdf<\/li>\n<\/ul>\n<p>Vous devez envoyer ces \u00e9l\u00e9ments par mail avec :<\/p>\n<ul>\n<li>comme sujet <strong>[AA] Rendu projet &#8211; Code<\/strong> pour le 3\/04 et <strong>[AA] Rendu projet &#8211; Pr\u00e9sentation<\/strong> pour le 4\/04.<\/li>\n<li>Chaque envoi doit \u00eatre aux 3 encadrants (Cecile Capponi, Sebastien Delecraz, et Remi Eyraud) \u00e0 leur 3 adresses : premon.nom@univ-amu.fr<\/li>\n<\/ul>\n","protected":false},"excerpt":{"rendered":"<p>Cette page concerne l&rsquo;option d&rsquo;Apprentissage Automatique en L3 informatique Les transparents de pr\u00e9sentation sont ici. Le notebook du premier TP est ici : cliquez droit puis \u00ab\u00a0enregistrer la cible sous\u00a0\u00bb. Ouvrez un terminal, rendez-vous o\u00f9 vous avez enregistrer le fichier, puis &#8211; sur les machines des salles de TP &#8211; tapez: \/opt\/anaconda3\/bin\/jupyter-notebook IAA-TP-decouverte.ipynb Pour ceux &hellip; <a href=\"https:\/\/pageperso.lis-lab.fr\/~remi.eyraud\/WP\/?page_id=190\" class=\"more-link\">Continuer la lecture<span class=\"screen-reader-text\"> de &laquo;&nbsp;Apprentissage Automatique&nbsp;&raquo;<\/span><\/a><\/p>\n","protected":false},"author":1,"featured_media":0,"parent":0,"menu_order":0,"comment_status":"closed","ping_status":"closed","template":"","meta":[],"_links":{"self":[{"href":"https:\/\/pageperso.lis-lab.fr\/~remi.eyraud\/WP\/index.php?rest_route=\/wp\/v2\/pages\/190"}],"collection":[{"href":"https:\/\/pageperso.lis-lab.fr\/~remi.eyraud\/WP\/index.php?rest_route=\/wp\/v2\/pages"}],"about":[{"href":"https:\/\/pageperso.lis-lab.fr\/~remi.eyraud\/WP\/index.php?rest_route=\/wp\/v2\/types\/page"}],"author":[{"embeddable":true,"href":"https:\/\/pageperso.lis-lab.fr\/~remi.eyraud\/WP\/index.php?rest_route=\/wp\/v2\/users\/1"}],"replies":[{"embeddable":true,"href":"https:\/\/pageperso.lis-lab.fr\/~remi.eyraud\/WP\/index.php?rest_route=%2Fwp%2Fv2%2Fcomments&post=190"}],"version-history":[{"count":15,"href":"https:\/\/pageperso.lis-lab.fr\/~remi.eyraud\/WP\/index.php?rest_route=\/wp\/v2\/pages\/190\/revisions"}],"predecessor-version":[{"id":221,"href":"https:\/\/pageperso.lis-lab.fr\/~remi.eyraud\/WP\/index.php?rest_route=\/wp\/v2\/pages\/190\/revisions\/221"}],"wp:attachment":[{"href":"https:\/\/pageperso.lis-lab.fr\/~remi.eyraud\/WP\/index.php?rest_route=%2Fwp%2Fv2%2Fmedia&parent=190"}],"curies":[{"name":"wp","href":"https:\/\/api.w.org\/{rel}","templated":true}]}}