{"id":136,"date":"2019-01-17T10:25:29","date_gmt":"2019-01-17T10:25:29","guid":{"rendered":"https:\/\/pageperso.lis-lab.fr\/~remi.eyraud\/WP\/?page_id=136"},"modified":"2019-11-17T16:39:03","modified_gmt":"2019-11-17T16:39:03","slug":"sciences-des-donnees","status":"publish","type":"page","link":"https:\/\/pageperso.lis-lab.fr\/~remi.eyraud\/WP\/?page_id=136","title":{"rendered":"Sciences des Donn\u00e9es"},"content":{"rendered":"<p>Ceci est la page du cours Science des Donn\u00e9es du Master 1 TSI.<\/p>\n<h3>Cours<\/h3>\n<ul>\n<li>Cours 1 : Introduction (<a href=\"https:\/\/pageperso.lis-lab.fr\/~remi.eyraud\/Sd\/Introduction_SD.pdf\">slides<\/a>)<\/li>\n<li>Cours 2 : Classification supervis\u00e9e (<a href=\"https:\/\/pageperso.lis-lab.fr\/~remi.eyraud\/Sd\/SD-M1_TSI_Chapitre_2.pdf\">slid<\/a><a href=\"https:\/\/pageperso.lis-lab.fr\/~remi.eyraud\/Sd\/SD-M1_TSI_Chapitre_2.pdf\">es<\/a>)<\/li>\n<li>Cours 3 : R\u00e9gression (<a href=\"https:\/\/pageperso.lis-lab.fr\/~remi.eyraud\/Sd\/SD-M1_TSI_Chapitre_3.pdf\">slides<\/a>)<\/li>\n<li>Cours 4 : S\u00e9parateurs lin\u00e9aires et Machines \u00e0 Vecteurs de Support\u00a0 (<a href=\"https:\/\/pageperso.lis-lab.fr\/~remi.eyraud\/Sd\/SD-M1_TSI_Chapitre_4.pdf\">slides<\/a>)<\/li>\n<li>Cours 5 : R\u00e9seau de neurones artificiels (<a href=\"https:\/\/pageperso.lis-lab.fr\/~remi.eyraud\/Sd\/SD-M1_TSI_Chapitre_5.pdf\">slides<\/a>)<\/li>\n<\/ul>\n<h3>TP<\/h3>\n<ul>\n<li>TP1 : (<a href=\"https:\/\/pageperso.lis-lab.fr\/~remi.eyraud\/Sd\/SD-enonce-TP_1.pdf\">\u00e9nonc\u00e9<\/a><!--, <a href=\"https:\/\/pageperso.lis-lab.fr\/~remi.eyraud\/Sd\/SD-TP1.ipynb\">notebook<\/a>, <a href=\"https:\/\/pageperso.lis-lab.fr\/~remi.eyraud\/Sd\/Correction-SD-TP1.ipynb\">correction<\/a>)--><\/li>\n<li>TP2 : (<a href=\"https:\/\/pageperso.lis-lab.fr\/~remi.eyraud\/Sd\/SD-TP2.ipynb\">notebook<\/a><!--, <a href=\"https:\/\/pageperso.lis-lab.fr\/~remi.eyraud\/Sd\/Correction-SD-TP2.ipynb\">correction<\/a>)--><\/li>\n<li>TP3 : (<a href=\"https:\/\/pageperso.lis-lab.fr\/~remi.eyraud\/Sd\/SD-TP3.ipynb\">notebook<\/a><!--, <a href=\"https:\/\/pageperso.lis-lab.fr\/~remi.eyraud\/Sd\/Correction-SD-TP3.ipynb\">correction<\/a>)--><\/li>\n<li>TP4 : (<a href=\"https:\/\/pageperso.lis-lab.fr\/~remi.eyraud\/Sd\/SD-TP4.ipynb\">notebook<\/a><!--, <a href=\"https:\/\/pageperso.lis-lab.fr\/~remi.eyraud\/Sd\/Correction-SD-TP4.ipynb\">correction<\/a>)--><\/li>\n<li>TP not\u00e9 : (<a href=\"https:\/\/pageperso.lis-lab.fr\/~remi.eyraud\/Sd\/SD_M1-TP_note_1.ipynb\">notebook<\/a>)<\/li>\n<li>TP5 : (<a href=\"https:\/\/pageperso.lis-lab.fr\/~remi.eyraud\/Sd\/SD-TP5.ipynb\">notebook<\/a><!--, <a href=\"https:\/\/pageperso.lis-lab.fr\/~remi.eyraud\/Sd\/Correction-SD-TP5.ipynb\">correction<\/a>)--><\/li>\n<li>TP6 : (<a href=\"https:\/\/pageperso.lis-lab.fr\/~remi.eyraud\/Sd\/SD-TP6.ipynb\">notebook<\/a>)<\/li>\n<\/ul>\n<p><!--\n<a href=\"http:\/\/pageperso.lif.univ-mrs.fr\/~remi.eyraud\/Sd\/Sesson_2-examen_SD_2019.ipynb\">Examen final, session 2<\/a>--><\/p>\n<p>&nbsp;<\/p>\n","protected":false},"excerpt":{"rendered":"<p>Ceci est la page du cours Science des Donn\u00e9es du Master 1 TSI. Cours Cours 1 : Introduction (slides) Cours 2 : Classification supervis\u00e9e (slides) Cours 3 : R\u00e9gression (slides) Cours 4 : S\u00e9parateurs lin\u00e9aires et Machines \u00e0 Vecteurs de Support\u00a0 (slides) Cours 5 : R\u00e9seau de neurones artificiels (slides) TP TP1 : (\u00e9nonc\u00e9 TP2 &hellip; <a href=\"https:\/\/pageperso.lis-lab.fr\/~remi.eyraud\/WP\/?page_id=136\" class=\"more-link\">Continuer la lecture<span class=\"screen-reader-text\"> de &laquo;&nbsp;Sciences des Donn\u00e9es&nbsp;&raquo;<\/span><\/a><\/p>\n","protected":false},"author":1,"featured_media":0,"parent":0,"menu_order":0,"comment_status":"closed","ping_status":"closed","template":"","meta":[],"_links":{"self":[{"href":"https:\/\/pageperso.lis-lab.fr\/~remi.eyraud\/WP\/index.php?rest_route=\/wp\/v2\/pages\/136"}],"collection":[{"href":"https:\/\/pageperso.lis-lab.fr\/~remi.eyraud\/WP\/index.php?rest_route=\/wp\/v2\/pages"}],"about":[{"href":"https:\/\/pageperso.lis-lab.fr\/~remi.eyraud\/WP\/index.php?rest_route=\/wp\/v2\/types\/page"}],"author":[{"embeddable":true,"href":"https:\/\/pageperso.lis-lab.fr\/~remi.eyraud\/WP\/index.php?rest_route=\/wp\/v2\/users\/1"}],"replies":[{"embeddable":true,"href":"https:\/\/pageperso.lis-lab.fr\/~remi.eyraud\/WP\/index.php?rest_route=%2Fwp%2Fv2%2Fcomments&post=136"}],"version-history":[{"count":25,"href":"https:\/\/pageperso.lis-lab.fr\/~remi.eyraud\/WP\/index.php?rest_route=\/wp\/v2\/pages\/136\/revisions"}],"predecessor-version":[{"id":234,"href":"https:\/\/pageperso.lis-lab.fr\/~remi.eyraud\/WP\/index.php?rest_route=\/wp\/v2\/pages\/136\/revisions\/234"}],"wp:attachment":[{"href":"https:\/\/pageperso.lis-lab.fr\/~remi.eyraud\/WP\/index.php?rest_route=%2Fwp%2Fv2%2Fmedia&parent=136"}],"curies":[{"name":"wp","href":"https:\/\/api.w.org\/{rel}","templated":true}]}}